{"id":1280,"date":"2024-09-30T17:08:50","date_gmt":"2024-09-30T20:08:50","guid":{"rendered":"https:\/\/santacasa.org.br\/prevencao\/?page_id=1280"},"modified":"2024-09-30T18:36:57","modified_gmt":"2024-09-30T21:36:57","slug":"tenho-mais-de-40-anos-sem-historico-familiar-mas-com-alteracoes-benignas","status":"publish","type":"page","link":"https:\/\/santacasa.org.br\/prevencao\/tenho-mais-de-40-anos-sem-historico-familiar-mas-com-alteracoes-benignas\/","title":{"rendered":"Tenho Mais de 40 anos, Sem Hist\u00f3rico Familiar, Mas Com Altera\u00e7\u00f5es Benignas"},"content":{"rendered":"\t\t<div data-elementor-type=\"wp-page\" data-elementor-id=\"1280\" class=\"elementor elementor-1280\">\n\t\t\t\t<div class=\"elementor-element elementor-element-7a12388 e-con-full e-flex e-con e-parent\" data-id=\"7a12388\" data-element_type=\"container\">\n\t\t\t\t<div class=\"elementor-element elementor-element-78ea7f0 elementor-widget elementor-widget-image\" data-id=\"78ea7f0\" data-element_type=\"widget\" data-widget_type=\"image.default\">\n\t\t\t\t<div class=\"elementor-widget-container\">\n\t\t\t\t\t\t\t\t\t\t\t\t\t\t\t<img fetchpriority=\"high\" decoding=\"async\" width=\"800\" height=\"200\" src=\"https:\/\/santacasa.org.br\/prevencao\/wp-content\/uploads\/2024\/09\/Desdobramentos-digitais_banner-desktop-1024x256.jpg\" class=\"attachment-large size-large wp-image-1138\" alt=\"\" srcset=\"https:\/\/santacasa.org.br\/prevencao\/wp-content\/uploads\/2024\/09\/Desdobramentos-digitais_banner-desktop-1024x256.jpg 1024w, https:\/\/santacasa.org.br\/prevencao\/wp-content\/uploads\/2024\/09\/Desdobramentos-digitais_banner-desktop-300x75.jpg 300w, https:\/\/santacasa.org.br\/prevencao\/wp-content\/uploads\/2024\/09\/Desdobramentos-digitais_banner-desktop-768x192.jpg 768w, https:\/\/santacasa.org.br\/prevencao\/wp-content\/uploads\/2024\/09\/Desdobramentos-digitais_banner-desktop-1536x384.jpg 1536w, https:\/\/santacasa.org.br\/prevencao\/wp-content\/uploads\/2024\/09\/Desdobramentos-digitais_banner-desktop-2048x512.jpg 2048w\" sizes=\"(max-width: 800px) 100vw, 800px\" \/>\t\t\t\t\t\t\t\t\t\t\t\t\t\t\t<\/div>\n\t\t\t\t<\/div>\n\t\t\t\t<\/div>\n\t\t<div class=\"elementor-element elementor-element-8d32d37 e-flex e-con-boxed e-con e-parent\" data-id=\"8d32d37\" data-element_type=\"container\" data-settings=\"{&quot;background_background&quot;:&quot;classic&quot;}\">\n\t\t\t\t\t<div class=\"e-con-inner\">\n\t\t\t\t<div class=\"elementor-element elementor-element-fbd4648 elementor-widget elementor-widget-heading\" data-id=\"fbd4648\" data-element_type=\"widget\" data-widget_type=\"heading.default\">\n\t\t\t\t<div class=\"elementor-widget-container\">\n\t\t\t\t\t<h2 class=\"elementor-heading-title elementor-size-default\"><br>Mulher com mais de 40 anos e sem hist\u00f3rico familiar de c\u00e2ncer de mama, mas com algumas altera\u00e7\u00f5es benignas nos seios<\/h2>\t\t\t\t<\/div>\n\t\t\t\t<\/div>\n\t\t\t\t\t<\/div>\n\t\t\t\t<\/div>\n\t\t<div class=\"elementor-element elementor-element-3357405 e-flex e-con-boxed e-con e-parent\" data-id=\"3357405\" data-element_type=\"container\" data-settings=\"{&quot;background_background&quot;:&quot;gradient&quot;}\">\n\t\t\t\t\t<div class=\"e-con-inner\">\n\t\t\t\t<div class=\"elementor-element elementor-element-4bc4f12 elementor-widget elementor-widget-text-editor\" data-id=\"4bc4f12\" data-element_type=\"widget\" data-widget_type=\"text-editor.default\">\n\t\t\t\t<div class=\"elementor-widget-container\">\n\t\t\t\t\t\t\t\t\t<p style=\"text-align: center;\"><em>Com essas detec\u00e7\u00f5es, a preven\u00e7\u00e3o consiste em um monitoramento cont\u00ednuo<\/em><\/p><p style=\"text-align: center;\"><b>\u00a0<\/b><\/p><p><strong>Consulta M\u00e9dica<\/strong>: Realizar consultas anuais com um ginecologista ou mastologista.<\/p><p>\u00a0<\/p><p><strong>Mamografia<\/strong>: Realizar mamografias anualmente, a partir dos 40 anos.<\/p><p>\u00a0<\/p><p><strong>Ultrassonografia<\/strong>: Pode ser indicada a cada dois anos ou conforme orienta\u00e7\u00e3o m\u00e9dica, especialmente se houver altera\u00e7\u00f5es benignas.<\/p><p>\u00a0<\/p>\t\t\t\t\t\t\t\t<\/div>\n\t\t\t\t<\/div>\n\t\t\t\t\t<\/div>\n\t\t\t\t<\/div>\n\t\t<div class=\"elementor-element elementor-element-17eca7b0 e-flex e-con-boxed e-con e-parent\" data-id=\"17eca7b0\" data-element_type=\"container\" data-settings=\"{&quot;background_background&quot;:&quot;classic&quot;}\">\n\t\t\t\t\t<div class=\"e-con-inner\">\n\t\t<div class=\"elementor-element elementor-element-181b3312 e-con-full e-flex e-con e-child\" data-id=\"181b3312\" data-element_type=\"container\">\n\t\t\t\t<div class=\"elementor-element elementor-element-31167902 elementor-widget elementor-widget-text-editor\" data-id=\"31167902\" data-element_type=\"widget\" data-widget_type=\"text-editor.default\">\n\t\t\t\t<div class=\"elementor-widget-container\">\n\t\t\t\t\t\t\t\t\t<p>Santa Casa de Porto Alegre<br \/>\u00a9 2023 Todos os direitos reservados.<\/p>\t\t\t\t\t\t\t\t<\/div>\n\t\t\t\t<\/div>\n\t\t\t\t<\/div>\n\t\t<div class=\"elementor-element elementor-element-3aab6eb4 e-con-full e-flex e-con e-child\" data-id=\"3aab6eb4\" data-element_type=\"container\">\n\t\t\t\t<div class=\"elementor-element elementor-element-20c120ec elementor-widget elementor-widget-text-editor\" data-id=\"20c120ec\" data-element_type=\"widget\" data-widget_type=\"text-editor.default\">\n\t\t\t\t<div class=\"elementor-widget-container\">\n\t\t\t\t\t\t\t\t\t<p><strong>Central de Agendamento<br \/><\/strong>(51) 3214-8000<br \/>Rua Professor Annes Dias, 295<br \/>Centro Hist\u00f3rico, Porto Alegre &#8211; RS<br \/>CEP 90020-090<\/p>\t\t\t\t\t\t\t\t<\/div>\n\t\t\t\t<\/div>\n\t\t\t\t<\/div>\n\t\t<div class=\"elementor-element elementor-element-94707c3 e-con-full e-flex e-con e-child\" data-id=\"94707c3\" data-element_type=\"container\">\n\t\t\t\t<div class=\"elementor-element elementor-element-40b07894 elementor-widget elementor-widget-image\" data-id=\"40b07894\" data-element_type=\"widget\" data-widget_type=\"image.default\">\n\t\t\t\t<div class=\"elementor-widget-container\">\n\t\t\t\t\t\t\t\t\t\t\t\t\t\t\t<img decoding=\"async\" width=\"800\" height=\"800\" src=\"https:\/\/santacasa.org.br\/prevencao\/wp-content\/uploads\/2024\/09\/Design-sem-nome-2024-09-30T161707.219.png\" class=\"attachment-large size-large wp-image-1230\" alt=\"\" srcset=\"https:\/\/santacasa.org.br\/prevencao\/wp-content\/uploads\/2024\/09\/Design-sem-nome-2024-09-30T161707.219.png 1000w, https:\/\/santacasa.org.br\/prevencao\/wp-content\/uploads\/2024\/09\/Design-sem-nome-2024-09-30T161707.219-300x300.png 300w, https:\/\/santacasa.org.br\/prevencao\/wp-content\/uploads\/2024\/09\/Design-sem-nome-2024-09-30T161707.219-150x150.png 150w, https:\/\/santacasa.org.br\/prevencao\/wp-content\/uploads\/2024\/09\/Design-sem-nome-2024-09-30T161707.219-768x768.png 768w\" sizes=\"(max-width: 800px) 100vw, 800px\" \/>\t\t\t\t\t\t\t\t\t\t\t\t\t\t\t<\/div>\n\t\t\t\t<\/div>\n\t\t\t\t<\/div>\n\t\t\t\t\t<\/div>\n\t\t\t\t<\/div>\n\t\t\t\t<\/div>\n\t\t","protected":false},"excerpt":{"rendered":"<p>Mulher com mais de 40 anos e sem hist\u00f3rico familiar de c\u00e2ncer de mama, mas com algumas altera\u00e7\u00f5es benignas nos seios Com essas detec\u00e7\u00f5es, a preven\u00e7\u00e3o consiste em um monitoramento cont\u00ednuo \u00a0 Consulta M\u00e9dica: Realizar consultas anuais com um ginecologista ou mastologista. \u00a0 Mamografia: Realizar mamografias anualmente, a partir dos 40 anos. \u00a0 Ultrassonografia: Pode [&hellip;]<\/p>\n","protected":false},"author":1,"featured_media":0,"parent":0,"menu_order":0,"comment_status":"closed","ping_status":"closed","template":"","meta":{"footnotes":""},"class_list":["post-1280","page","type-page","status-publish","hentry"],"_links":{"self":[{"href":"https:\/\/santacasa.org.br\/prevencao\/wp-json\/wp\/v2\/pages\/1280","targetHints":{"allow":["GET"]}}],"collection":[{"href":"https:\/\/santacasa.org.br\/prevencao\/wp-json\/wp\/v2\/pages"}],"about":[{"href":"https:\/\/santacasa.org.br\/prevencao\/wp-json\/wp\/v2\/types\/page"}],"author":[{"embeddable":true,"href":"https:\/\/santacasa.org.br\/prevencao\/wp-json\/wp\/v2\/users\/1"}],"replies":[{"embeddable":true,"href":"https:\/\/santacasa.org.br\/prevencao\/wp-json\/wp\/v2\/comments?post=1280"}],"version-history":[{"count":7,"href":"https:\/\/santacasa.org.br\/prevencao\/wp-json\/wp\/v2\/pages\/1280\/revisions"}],"predecessor-version":[{"id":1382,"href":"https:\/\/santacasa.org.br\/prevencao\/wp-json\/wp\/v2\/pages\/1280\/revisions\/1382"}],"wp:attachment":[{"href":"https:\/\/santacasa.org.br\/prevencao\/wp-json\/wp\/v2\/media?parent=1280"}],"curies":[{"name":"wp","href":"https:\/\/api.w.org\/{rel}","templated":true}]}}