{"id":1307,"date":"2024-09-30T17:27:33","date_gmt":"2024-09-30T20:27:33","guid":{"rendered":"https:\/\/santacasa.org.br\/prevencao\/?page_id=1307"},"modified":"2024-10-28T16:16:24","modified_gmt":"2024-10-28T19:16:24","slug":"saude-feminina","status":"publish","type":"page","link":"https:\/\/santacasa.org.br\/prevencao\/saude-feminina\/","title":{"rendered":"Sa\u00fade Feminina"},"content":{"rendered":"\t\t<div data-elementor-type=\"wp-page\" data-elementor-id=\"1307\" class=\"elementor elementor-1307\">\n\t\t\t\t<div class=\"elementor-element elementor-element-11cf210 e-con-full e-flex e-con e-parent\" data-id=\"11cf210\" data-element_type=\"container\">\n\t\t\t\t<div class=\"elementor-element elementor-element-f384d6e elementor-widget elementor-widget-image\" data-id=\"f384d6e\" data-element_type=\"widget\" data-widget_type=\"image.default\">\n\t\t\t\t<div class=\"elementor-widget-container\">\n\t\t\t\t\t\t\t\t\t\t\t\t\t\t\t<img decoding=\"async\" src=\"https:\/\/santacasa.org.br\/prevencao\/wp-content\/uploads\/2024\/09\/Desdobramentos-digitais_banner-desktop-scaled.jpg\" title=\"Desdobramentos digitais_banner desktop\" alt=\"Desdobramentos digitais_banner desktop\" loading=\"lazy\" \/>\t\t\t\t\t\t\t\t\t\t\t\t\t\t\t<\/div>\n\t\t\t\t<\/div>\n\t\t\t\t<\/div>\n\t\t<div class=\"elementor-element elementor-element-94a6db2 e-flex e-con-boxed e-con e-parent\" data-id=\"94a6db2\" data-element_type=\"container\" data-settings=\"{&quot;background_background&quot;:&quot;classic&quot;}\">\n\t\t\t\t\t<div class=\"e-con-inner\">\n\t\t\t\t<div class=\"elementor-element elementor-element-3b537cf elementor-widget elementor-widget-heading\" data-id=\"3b537cf\" data-element_type=\"widget\" data-widget_type=\"heading.default\">\n\t\t\t\t<div class=\"elementor-widget-container\">\n\t\t\t\t\t<h2 class=\"elementor-heading-title elementor-size-default\"><br>Sa\u00fade Feminina: A Import\u00e2ncia dos Cuidados Preventivos<br>\n\n<\/h2>\t\t\t\t<\/div>\n\t\t\t\t<\/div>\n\t\t\t\t\t<\/div>\n\t\t\t\t<\/div>\n\t\t<div class=\"elementor-element elementor-element-4461f22 e-flex e-con-boxed e-con e-parent\" data-id=\"4461f22\" data-element_type=\"container\" data-settings=\"{&quot;background_background&quot;:&quot;gradient&quot;,&quot;shape_divider_bottom&quot;:&quot;mountains&quot;}\">\n\t\t\t\t\t<div class=\"e-con-inner\">\n\t\t\t\t<div class=\"elementor-shape elementor-shape-bottom\" data-negative=\"false\">\n\t\t\t<svg xmlns=\"http:\/\/www.w3.org\/2000\/svg\" viewBox=\"0 0 1000 100\" preserveAspectRatio=\"none\">\n\t<path class=\"elementor-shape-fill\" opacity=\"0.33\" d=\"M473,67.3c-203.9,88.3-263.1-34-320.3,0C66,119.1,0,59.7,0,59.7V0h1000v59.7 c0,0-62.1,26.1-94.9,29.3c-32.8,3.3-62.8-12.3-75.8-22.1C806,49.6,745.3,8.7,694.9,4.7S492.4,59,473,67.3z\"\/>\n\t<path class=\"elementor-shape-fill\" opacity=\"0.66\" d=\"M734,67.3c-45.5,0-77.2-23.2-129.1-39.1c-28.6-8.7-150.3-10.1-254,39.1 s-91.7-34.4-149.2,0C115.7,118.3,0,39.8,0,39.8V0h1000v36.5c0,0-28.2-18.5-92.1-18.5C810.2,18.1,775.7,67.3,734,67.3z\"\/>\n\t<path class=\"elementor-shape-fill\" d=\"M766.1,28.9c-200-57.5-266,65.5-395.1,19.5C242,1.8,242,5.4,184.8,20.6C128,35.8,132.3,44.9,89.9,52.5C28.6,63.7,0,0,0,0 h1000c0,0-9.9,40.9-83.6,48.1S829.6,47,766.1,28.9z\"\/>\n<\/svg>\t\t<\/div>\n\t\t\t\t<div class=\"elementor-element elementor-element-20ba86a elementor-widget elementor-widget-text-editor\" data-id=\"20ba86a\" data-element_type=\"widget\" data-widget_type=\"text-editor.default\">\n\t\t\t\t<div class=\"elementor-widget-container\">\n\t\t\t\t\t\t\t\t\t<p>A sa\u00fade feminina requer um cuidado amplo e preventivo, e a pr\u00e1tica regular de atividades f\u00edsicas \u00e9 um dos pilares mais importantes para a manuten\u00e7\u00e3o do bem-estar e preven\u00e7\u00e3o de doen\u00e7as, incluindo o c\u00e2ncer de mama. A pr\u00e1tica de exerc\u00edcios contribui para o controle do peso, a redu\u00e7\u00e3o do estresse e a melhora do sistema imunol\u00f3gico, fatores que, quando bem gerenciados, reduzem significativamente o risco de desenvolver diversos tipos de c\u00e2ncer e outras condi\u00e7\u00f5es de sa\u00fade.<\/p><p>\u00a0<\/p><p>Al\u00e9m disso, \u00e9 importante que as mulheres consultem diferentes especialistas ao longo do ano para um cuidado integral. O ginecologista deve ser visitado regularmente para exames como o Papanicolau e o acompanhamento do ciclo menstrual. J\u00e1 o mastologista \u00e9 o especialista indicado para a preven\u00e7\u00e3o e detec\u00e7\u00e3o precoce do c\u00e2ncer de mama, especialmente a partir dos 40 anos ou em caso de hist\u00f3rico familiar da doen\u00e7a.<\/p><p>\u00a0<\/p><p>O endocrinologista auxilia no controle hormonal, fundamental durante a menopausa e em outras fases da vida, enquanto o cardiologista monitora a sa\u00fade do cora\u00e7\u00e3o, outro aspecto essencial para a sa\u00fade feminina. O nutricionista tamb\u00e9m \u00e9 crucial para garantir uma alimenta\u00e7\u00e3o equilibrada que, aliada \u00e0 pr\u00e1tica de atividades f\u00edsicas, ajuda na preven\u00e7\u00e3o de doen\u00e7as e no fortalecimento do organismo. Por fim, o dermatologista \u00e9 importante para monitorar a pele e prevenir o c\u00e2ncer de pele.<\/p><p>\u00a0<\/p><p>Incorporar a pr\u00e1tica de exerc\u00edcios f\u00edsicos \u00e0 rotina, juntamente com uma alimenta\u00e7\u00e3o saud\u00e1vel e o acompanhamento dessas especialidades, contribui para uma vida mais saud\u00e1vel e a preven\u00e7\u00e3o de doen\u00e7as, fortalecendo a sa\u00fade feminina como um todo.<\/p><p>\u00a0<\/p><p>Na Santa Casa de Porto Alegre, voc\u00ea encontra uma linha completa de cuidados com diversas especialidades para atender \u00e0s necessidades de sa\u00fade feminina durante todo o ano. Aproveite para visitar nosso site, conhecer todas as nossas especialidades e agendar sua consulta online.<\/p><p>\u00a0<\/p>\t\t\t\t\t\t\t\t<\/div>\n\t\t\t\t<\/div>\n\t\t\t\t<div class=\"elementor-element elementor-element-b0d4a96 elementor-align-center elementor-widget elementor-widget-button\" data-id=\"b0d4a96\" data-element_type=\"widget\" data-widget_type=\"button.default\">\n\t\t\t\t<div class=\"elementor-widget-container\">\n\t\t\t\t\t\t\t\t\t<div class=\"elementor-button-wrapper\">\n\t\t\t\t\t<a class=\"elementor-button elementor-button-link elementor-size-sm\" href=\"https:\/\/santacasa.org.br\/servicos\">\n\t\t\t\t\t\t<span class=\"elementor-button-content-wrapper\">\n\t\t\t\t\t\t\t\t\t<span class=\"elementor-button-text\">SAIBA MAIS SOBRE NOSSAS ESPECIALIDADES<\/span>\n\t\t\t\t\t<\/span>\n\t\t\t\t\t<\/a>\n\t\t\t\t<\/div>\n\t\t\t\t\t\t\t\t<\/div>\n\t\t\t\t<\/div>\n\t\t\t\t\t<\/div>\n\t\t\t\t<\/div>\n\t\t<div class=\"elementor-element elementor-element-7706c08 e-flex e-con-boxed e-con e-parent\" data-id=\"7706c08\" data-element_type=\"container\" data-settings=\"{&quot;background_background&quot;:&quot;classic&quot;}\">\n\t\t\t\t\t<div class=\"e-con-inner\">\n\t\t\t\t<div class=\"elementor-element elementor-element-03dcb29 elementor-widget elementor-widget-text-editor\" data-id=\"03dcb29\" data-element_type=\"widget\" data-widget_type=\"text-editor.default\">\n\t\t\t\t<div class=\"elementor-widget-container\">\n\t\t\t\t\t\t\t\t\t<p>Dica de Sa\u00fade<\/p>\t\t\t\t\t\t\t\t<\/div>\n\t\t\t\t<\/div>\n\t\t\t\t\t<\/div>\n\t\t\t\t<\/div>\n\t\t<div class=\"elementor-element elementor-element-1273435 e-flex e-con-boxed e-con e-parent\" data-id=\"1273435\" data-element_type=\"container\" data-settings=\"{&quot;background_background&quot;:&quot;gradient&quot;}\">\n\t\t\t\t\t<div class=\"e-con-inner\">\n\t\t<div class=\"elementor-element elementor-element-68a5342 e-con-full e-flex e-con e-child\" data-id=\"68a5342\" data-element_type=\"container\">\n\t\t\t\t<div class=\"elementor-element elementor-element-61573a1 elementor-widget elementor-widget-video\" data-id=\"61573a1\" data-element_type=\"widget\" data-settings=\"{&quot;video_type&quot;:&quot;hosted&quot;,&quot;controls&quot;:&quot;yes&quot;}\" data-widget_type=\"video.default\">\n\t\t\t\t<div class=\"elementor-widget-container\">\n\t\t\t\t\t\t\t<div class=\"e-hosted-video elementor-wrapper elementor-open-inline\">\n\t\t\t\t\t<video class=\"elementor-video\" src=\"https:\/\/santacasa.org.br\/prevencao\/wp-content\/uploads\/2024\/10\/SaveClip.App_594379AB4ED57A901AF55DC3AACD8E82_video_dashinit.mp4\" controls=\"\" preload=\"metadata\" controlsList=\"nodownload\" poster=\"https:\/\/santacasa.org.br\/prevencao\/wp-content\/uploads\/2024\/10\/Capa-Reels-4.png\"><\/video>\n\t\t\t\t<\/div>\n\t\t\t\t\t\t<\/div>\n\t\t\t\t<\/div>\n\t\t\t\t<\/div>\n\t\t<div class=\"elementor-element elementor-element-8e98efe e-con-full e-flex e-con e-child\" data-id=\"8e98efe\" data-element_type=\"container\">\n\t\t\t\t<div class=\"elementor-element elementor-element-36d1bb3 elementor-widget elementor-widget-text-editor\" data-id=\"36d1bb3\" data-element_type=\"widget\" data-widget_type=\"text-editor.default\">\n\t\t\t\t<div class=\"elementor-widget-container\">\n\t\t\t\t\t\t\t\t\t<h2>\u00a0<\/h2><h2>\u00a0<\/h2><h2 style=\"text-align: center;\"><strong>Busque fontes confi\u00e1veis<\/strong><\/h2><p>Consultar m\u00e9dicos especialistas e buscar informa\u00e7\u00f5es confi\u00e1veis \u00e9 essencial no cuidado com a sa\u00fade e na preven\u00e7\u00e3o do c\u00e2ncer de mama. Contar com a orienta\u00e7\u00e3o de profissionais capacitados faz toda a diferen\u00e7a, oferecendo seguran\u00e7a e direcionamento correto em cada etapa do cuidado.<\/p><p>\u00a0<\/p><p>Informa\u00e7\u00e3o embasada e orienta\u00e7\u00e3o especializada ajudam na detec\u00e7\u00e3o precoce e aumentam as chances de tratamento eficaz, contribuindo para que cada mulher tenha uma vida mais saud\u00e1vel e tranquila.<\/p><p>\u00a0<\/p><p>O dr. Antonio Dal Pizzol Jr., diretor m\u00e9dico adjunto da unidade hospital, ressalta o tema.<\/p>\t\t\t\t\t\t\t\t<\/div>\n\t\t\t\t<\/div>\n\t\t\t\t<\/div>\n\t\t\t\t\t<\/div>\n\t\t\t\t<\/div>\n\t\t<div class=\"elementor-element elementor-element-5ed3002 e-flex e-con-boxed e-con e-parent\" data-id=\"5ed3002\" data-element_type=\"container\" data-settings=\"{&quot;background_background&quot;:&quot;gradient&quot;}\">\n\t\t\t\t\t<div class=\"e-con-inner\">\n\t\t<div class=\"elementor-element elementor-element-d62dc5c e-con-full e-flex e-con e-child\" data-id=\"d62dc5c\" data-element_type=\"container\">\n\t\t\t\t<div class=\"elementor-element elementor-element-ec2a070 elementor-widget elementor-widget-text-editor\" data-id=\"ec2a070\" data-element_type=\"widget\" data-widget_type=\"text-editor.default\">\n\t\t\t\t<div class=\"elementor-widget-container\">\n\t\t\t\t\t\t\t\t\t<h2 style=\"text-align: center;\"><strong>Mantenha h\u00e1bitos saud\u00e1veis<\/strong><\/h2><p>O c\u00e2ncer de mama \u00e9 uma doen\u00e7a multifatorial, ou seja, pode ter diversas origens. Mas existem fatores de risco que aumentam as chances de desenvolver a doen\u00e7a. Alguns s\u00e3o gen\u00e9ticos, como hist\u00f3rico familiar ou envelhecimento, que n\u00e3o podem ser evitados. Mas, eles se tornam maiores quando combinados com fatores comportamentais, como obesidade, sedentarismo, consumo excessivo de \u00e1lcool, entre outros.<\/p><p>\u00a0<\/p><p>Apesar de ser a causa mais frequente de morte por c\u00e2ncer entre as mulheres, n\u00e3o podemos esquecer: o c\u00e2ncer de mama tem cura. Quanto antes for diagnosticado, maiores s\u00e3o as chances de sucesso no tratamento. Falar abertamente sobre o tema, ampliar a conscientiza\u00e7\u00e3o e incentivar as mulheres a buscar informa\u00e7\u00f5es e cuidados m\u00e9dicos regulares s\u00e3o essenciais.<\/p><p>\u00a0<\/p><p>O dr. Ant\u00f4nio Frasson, Coordenador do Centro de Oncologia, explica a import\u00e2ncia da informa\u00e7\u00e3o e da conscientiza\u00e7\u00e3o para a preven\u00e7\u00e3o do c\u00e2ncer de mama.<\/p>\t\t\t\t\t\t\t\t<\/div>\n\t\t\t\t<\/div>\n\t\t\t\t<\/div>\n\t\t<div class=\"elementor-element elementor-element-ab3c747 e-con-full e-flex e-con e-child\" data-id=\"ab3c747\" data-element_type=\"container\">\n\t\t\t\t<div class=\"elementor-element elementor-element-5d5ac26 elementor-widget elementor-widget-video\" data-id=\"5d5ac26\" data-element_type=\"widget\" data-settings=\"{&quot;video_type&quot;:&quot;hosted&quot;,&quot;controls&quot;:&quot;yes&quot;}\" data-widget_type=\"video.default\">\n\t\t\t\t<div class=\"elementor-widget-container\">\n\t\t\t\t\t\t\t<div class=\"e-hosted-video elementor-wrapper elementor-open-inline\">\n\t\t\t\t\t<video class=\"elementor-video\" src=\"https:\/\/santacasa.org.br\/prevencao\/wp-content\/uploads\/2024\/10\/animacao-maternidade-9_4F2HI4Ne.mp4\" controls=\"\" preload=\"metadata\" controlsList=\"nodownload\" poster=\"https:\/\/santacasa.org.br\/prevencao\/wp-content\/uploads\/2024\/10\/Capa-Reels-5.png\"><\/video>\n\t\t\t\t<\/div>\n\t\t\t\t\t\t<\/div>\n\t\t\t\t<\/div>\n\t\t\t\t<\/div>\n\t\t\t\t\t<\/div>\n\t\t\t\t<\/div>\n\t\t<div class=\"elementor-element elementor-element-e188b99 e-flex e-con-boxed e-con e-parent\" data-id=\"e188b99\" data-element_type=\"container\" data-settings=\"{&quot;background_background&quot;:&quot;classic&quot;}\">\n\t\t\t\t\t<div class=\"e-con-inner\">\n\t\t<div class=\"elementor-element elementor-element-131fe7b e-con-full e-flex e-con e-child\" data-id=\"131fe7b\" data-element_type=\"container\">\n\t\t\t\t<div class=\"elementor-element elementor-element-702a3c0 elementor-widget elementor-widget-text-editor\" data-id=\"702a3c0\" data-element_type=\"widget\" data-widget_type=\"text-editor.default\">\n\t\t\t\t<div class=\"elementor-widget-container\">\n\t\t\t\t\t\t\t\t\t<h2>\u00a0<\/h2><h2>\u00a0<\/h2><h2 style=\"text-align: center;\"><strong>Alimenta\u00e7\u00e3o<\/strong><\/h2><p>\u00a0<\/p><p>Uma alimenta\u00e7\u00e3o equilibrada \u00e9 mais do que apenas uma escolha de estilo de vida, \u00e9 um poderoso aliado na preven\u00e7\u00e3o de diversas doen\u00e7as, incluindo o c\u00e2ncer de mama.<\/p><p>\u00a0<\/p><p>Embora n\u00e3o exista um alimento que garanta a prote\u00e7\u00e3o contra essa doen\u00e7a, estudos cient\u00edficos demonstram que uma alimenta\u00e7\u00e3o saud\u00e1vel e variada pode reduzir significativamente o risco. O excesso de peso, especialmente na regi\u00e3o abdominal, est\u00e1 associado a um maior risco de desenvolver c\u00e2ncer de mama.<\/p><p>\u00a0<\/p><p>A dra. Maria Cristina Anselmi, ginecologista e mastologista aqui na Santa Casa, destaca a import\u00e2ncia da alimenta\u00e7\u00e3o no nosso dia a dia.<\/p>\t\t\t\t\t\t\t\t<\/div>\n\t\t\t\t<\/div>\n\t\t\t\t<\/div>\n\t\t<div class=\"elementor-element elementor-element-8bca84f e-con-full e-flex e-con e-child\" data-id=\"8bca84f\" data-element_type=\"container\">\n\t\t\t\t<div class=\"elementor-element elementor-element-a6340f2 elementor-widget elementor-widget-video\" data-id=\"a6340f2\" data-element_type=\"widget\" data-settings=\"{&quot;video_type&quot;:&quot;hosted&quot;,&quot;controls&quot;:&quot;yes&quot;}\" data-widget_type=\"video.default\">\n\t\t\t\t<div class=\"elementor-widget-container\">\n\t\t\t\t\t\t\t<div class=\"e-hosted-video elementor-wrapper elementor-open-inline\">\n\t\t\t\t\t<video class=\"elementor-video\" src=\"https:\/\/santacasa.org.br\/prevencao\/wp-content\/uploads\/2024\/10\/SaveClip.App_724F74F6835F9BF963F7C546943BF290_video_dashinit-1.mp4\" controls=\"\" preload=\"metadata\" controlsList=\"nodownload\" poster=\"https:\/\/santacasa.org.br\/prevencao\/wp-content\/uploads\/2024\/10\/Capa-Reels-6.png\"><\/video>\n\t\t\t\t<\/div>\n\t\t\t\t\t\t<\/div>\n\t\t\t\t<\/div>\n\t\t\t\t<\/div>\n\t\t\t\t\t<\/div>\n\t\t\t\t<\/div>\n\t\t<div class=\"elementor-element elementor-element-5c7f85d8 e-flex e-con-boxed e-con e-parent\" data-id=\"5c7f85d8\" data-element_type=\"container\" data-settings=\"{&quot;background_background&quot;:&quot;classic&quot;}\">\n\t\t\t\t\t<div class=\"e-con-inner\">\n\t\t<div class=\"elementor-element elementor-element-5fc96171 e-con-full e-flex e-con e-child\" data-id=\"5fc96171\" data-element_type=\"container\">\n\t\t\t\t<div class=\"elementor-element elementor-element-63e9251e elementor-widget elementor-widget-text-editor\" data-id=\"63e9251e\" data-element_type=\"widget\" data-widget_type=\"text-editor.default\">\n\t\t\t\t<div class=\"elementor-widget-container\">\n\t\t\t\t\t\t\t\t\t<p>Santa Casa de Porto Alegre<br \/>\u00a9 2023 Todos os direitos reservados.<\/p>\t\t\t\t\t\t\t\t<\/div>\n\t\t\t\t<\/div>\n\t\t\t\t<\/div>\n\t\t<div class=\"elementor-element elementor-element-319579a e-con-full e-flex e-con e-child\" data-id=\"319579a\" data-element_type=\"container\">\n\t\t\t\t<div class=\"elementor-element elementor-element-453c1ad6 elementor-widget elementor-widget-text-editor\" data-id=\"453c1ad6\" data-element_type=\"widget\" data-widget_type=\"text-editor.default\">\n\t\t\t\t<div class=\"elementor-widget-container\">\n\t\t\t\t\t\t\t\t\t<p><strong>Central de Agendamento<br \/><\/strong>(51) 3214-8000<br \/>Rua Professor Annes Dias, 295<br \/>Centro Hist\u00f3rico, Porto Alegre &#8211; RS<br \/>CEP 90020-090<\/p>\t\t\t\t\t\t\t\t<\/div>\n\t\t\t\t<\/div>\n\t\t\t\t<\/div>\n\t\t<div class=\"elementor-element elementor-element-4a8f2e0 e-con-full e-flex e-con e-child\" data-id=\"4a8f2e0\" data-element_type=\"container\">\n\t\t\t\t<div class=\"elementor-element elementor-element-49fe6768 elementor-widget elementor-widget-image\" data-id=\"49fe6768\" data-element_type=\"widget\" data-widget_type=\"image.default\">\n\t\t\t\t<div class=\"elementor-widget-container\">\n\t\t\t\t\t\t\t\t\t\t\t\t\t\t\t<img fetchpriority=\"high\" decoding=\"async\" width=\"800\" height=\"800\" src=\"https:\/\/santacasa.org.br\/prevencao\/wp-content\/uploads\/2024\/09\/Design-sem-nome-2024-09-30T161707.219.png\" class=\"attachment-large size-large wp-image-1230\" alt=\"\" srcset=\"https:\/\/santacasa.org.br\/prevencao\/wp-content\/uploads\/2024\/09\/Design-sem-nome-2024-09-30T161707.219.png 1000w, https:\/\/santacasa.org.br\/prevencao\/wp-content\/uploads\/2024\/09\/Design-sem-nome-2024-09-30T161707.219-300x300.png 300w, https:\/\/santacasa.org.br\/prevencao\/wp-content\/uploads\/2024\/09\/Design-sem-nome-2024-09-30T161707.219-150x150.png 150w, https:\/\/santacasa.org.br\/prevencao\/wp-content\/uploads\/2024\/09\/Design-sem-nome-2024-09-30T161707.219-768x768.png 768w\" sizes=\"(max-width: 800px) 100vw, 800px\" \/>\t\t\t\t\t\t\t\t\t\t\t\t\t\t\t<\/div>\n\t\t\t\t<\/div>\n\t\t\t\t<\/div>\n\t\t\t\t\t<\/div>\n\t\t\t\t<\/div>\n\t\t\t\t<\/div>\n\t\t","protected":false},"excerpt":{"rendered":"<p>Sa\u00fade Feminina: A Import\u00e2ncia dos Cuidados Preventivos A sa\u00fade feminina requer um cuidado amplo e preventivo, e a pr\u00e1tica regular de atividades f\u00edsicas \u00e9 um dos pilares mais importantes para a manuten\u00e7\u00e3o do bem-estar e preven\u00e7\u00e3o de doen\u00e7as, incluindo o c\u00e2ncer de mama. A pr\u00e1tica de exerc\u00edcios contribui para o controle do peso, a redu\u00e7\u00e3o [&hellip;]<\/p>\n","protected":false},"author":1,"featured_media":0,"parent":0,"menu_order":0,"comment_status":"closed","ping_status":"closed","template":"","meta":{"footnotes":""},"class_list":["post-1307","page","type-page","status-publish","hentry"],"_links":{"self":[{"href":"https:\/\/santacasa.org.br\/prevencao\/wp-json\/wp\/v2\/pages\/1307","targetHints":{"allow":["GET"]}}],"collection":[{"href":"https:\/\/santacasa.org.br\/prevencao\/wp-json\/wp\/v2\/pages"}],"about":[{"href":"https:\/\/santacasa.org.br\/prevencao\/wp-json\/wp\/v2\/types\/page"}],"author":[{"embeddable":true,"href":"https:\/\/santacasa.org.br\/prevencao\/wp-json\/wp\/v2\/users\/1"}],"replies":[{"embeddable":true,"href":"https:\/\/santacasa.org.br\/prevencao\/wp-json\/wp\/v2\/comments?post=1307"}],"version-history":[{"count":28,"href":"https:\/\/santacasa.org.br\/prevencao\/wp-json\/wp\/v2\/pages\/1307\/revisions"}],"predecessor-version":[{"id":1491,"href":"https:\/\/santacasa.org.br\/prevencao\/wp-json\/wp\/v2\/pages\/1307\/revisions\/1491"}],"wp:attachment":[{"href":"https:\/\/santacasa.org.br\/prevencao\/wp-json\/wp\/v2\/media?parent=1307"}],"curies":[{"name":"wp","href":"https:\/\/api.w.org\/{rel}","templated":true}]}}