{"id":1542,"date":"2024-10-31T09:48:08","date_gmt":"2024-10-31T12:48:08","guid":{"rendered":"https:\/\/santacasa.org.br\/prevencao\/?page_id=1542"},"modified":"2024-11-01T11:52:10","modified_gmt":"2024-11-01T14:52:10","slug":"prevencao-novembro-azul","status":"publish","type":"page","link":"https:\/\/santacasa.org.br\/prevencao\/prevencao-novembro-azul\/","title":{"rendered":"Preven\u00e7\u00e3o &#8211; Novembro Azul"},"content":{"rendered":"\t\t<div data-elementor-type=\"wp-page\" data-elementor-id=\"1542\" class=\"elementor elementor-1542\">\n\t\t\t\t<div class=\"elementor-element elementor-element-2ef975a e-con-full elementor-hidden-desktop elementor-hidden-tablet e-flex e-con e-parent\" data-id=\"2ef975a\" data-element_type=\"container\">\n\t\t\t\t<div class=\"elementor-element elementor-element-f562d56 elementor-widget elementor-widget-image\" data-id=\"f562d56\" data-element_type=\"widget\" data-widget_type=\"image.default\">\n\t\t\t\t<div class=\"elementor-widget-container\">\n\t\t\t\t\t\t\t\t\t\t\t\t\t\t\t<img fetchpriority=\"high\" decoding=\"async\" width=\"2085\" height=\"1251\" src=\"https:\/\/santacasa.org.br\/prevencao\/wp-content\/uploads\/2024\/11\/Banner-LP-mobile@72x-100.jpg\" class=\"attachment-full size-full wp-image-1634\" alt=\"\" srcset=\"https:\/\/santacasa.org.br\/prevencao\/wp-content\/uploads\/2024\/11\/Banner-LP-mobile@72x-100.jpg 2085w, https:\/\/santacasa.org.br\/prevencao\/wp-content\/uploads\/2024\/11\/Banner-LP-mobile@72x-100-300x180.jpg 300w, https:\/\/santacasa.org.br\/prevencao\/wp-content\/uploads\/2024\/11\/Banner-LP-mobile@72x-100-1024x614.jpg 1024w, https:\/\/santacasa.org.br\/prevencao\/wp-content\/uploads\/2024\/11\/Banner-LP-mobile@72x-100-768x461.jpg 768w, https:\/\/santacasa.org.br\/prevencao\/wp-content\/uploads\/2024\/11\/Banner-LP-mobile@72x-100-1536x922.jpg 1536w, https:\/\/santacasa.org.br\/prevencao\/wp-content\/uploads\/2024\/11\/Banner-LP-mobile@72x-100-2048x1229.jpg 2048w\" sizes=\"(max-width: 2085px) 100vw, 2085px\" \/>\t\t\t\t\t\t\t\t\t\t\t\t\t\t\t<\/div>\n\t\t\t\t<\/div>\n\t\t\t\t<\/div>\n\t\t<div class=\"elementor-element elementor-element-2b47625 e-con-full elementor-hidden-mobile e-flex e-con e-parent\" data-id=\"2b47625\" data-element_type=\"container\">\n\t\t\t\t<div class=\"elementor-element elementor-element-819b7ed elementor-widget elementor-widget-image\" data-id=\"819b7ed\" data-element_type=\"widget\" data-widget_type=\"image.default\">\n\t\t\t\t<div class=\"elementor-widget-container\">\n\t\t\t\t\t\t\t\t\t\t\t\t\t\t\t<img decoding=\"async\" width=\"2201\" height=\"551\" src=\"https:\/\/santacasa.org.br\/prevencao\/wp-content\/uploads\/2024\/10\/banner-LP@72x-100.jpg\" class=\"attachment-full size-full wp-image-1600\" alt=\"\" srcset=\"https:\/\/santacasa.org.br\/prevencao\/wp-content\/uploads\/2024\/10\/banner-LP@72x-100.jpg 2201w, https:\/\/santacasa.org.br\/prevencao\/wp-content\/uploads\/2024\/10\/banner-LP@72x-100-300x75.jpg 300w, https:\/\/santacasa.org.br\/prevencao\/wp-content\/uploads\/2024\/10\/banner-LP@72x-100-1024x256.jpg 1024w, https:\/\/santacasa.org.br\/prevencao\/wp-content\/uploads\/2024\/10\/banner-LP@72x-100-768x192.jpg 768w, https:\/\/santacasa.org.br\/prevencao\/wp-content\/uploads\/2024\/10\/banner-LP@72x-100-1536x385.jpg 1536w, https:\/\/santacasa.org.br\/prevencao\/wp-content\/uploads\/2024\/10\/banner-LP@72x-100-2048x513.jpg 2048w\" sizes=\"(max-width: 2201px) 100vw, 2201px\" \/>\t\t\t\t\t\t\t\t\t\t\t\t\t\t\t<\/div>\n\t\t\t\t<\/div>\n\t\t\t\t<\/div>\n\t\t<div class=\"elementor-element elementor-element-7b3d40a elementor-hidden-mobile e-flex e-con-boxed e-con e-parent\" data-id=\"7b3d40a\" data-element_type=\"container\" data-settings=\"{&quot;background_background&quot;:&quot;classic&quot;}\">\n\t\t\t\t\t<div class=\"e-con-inner\">\n\t\t\t\t<div class=\"elementor-element elementor-element-de8f003 elementor-widget elementor-widget-text-editor\" data-id=\"de8f003\" data-element_type=\"widget\" data-widget_type=\"text-editor.default\">\n\t\t\t\t<div class=\"elementor-widget-container\">\n\t\t\t\t\t\t\t\t\t<p><br><\/p><p>Preven\u00e7\u00e3o do c\u00e2ncer de pr\u00f3stata: cuida da sua sa\u00fade<\/p>\t\t\t\t\t\t\t\t<\/div>\n\t\t\t\t<\/div>\n\t\t\t\t\t<\/div>\n\t\t\t\t<\/div>\n\t\t<div class=\"elementor-element elementor-element-f6d75fa elementor-hidden-mobile e-flex e-con-boxed e-con e-parent\" data-id=\"f6d75fa\" data-element_type=\"container\" data-settings=\"{&quot;background_background&quot;:&quot;classic&quot;}\">\n\t\t\t\t\t<div class=\"e-con-inner\">\n\t\t\t\t<div class=\"elementor-element elementor-element-0aa5c6b elementor-widget elementor-widget-text-editor\" data-id=\"0aa5c6b\" data-element_type=\"widget\" data-widget_type=\"text-editor.default\">\n\t\t\t\t<div class=\"elementor-widget-container\">\n\t\t\t\t\t\t\t\t\t<p>A preven\u00e7\u00e3o do c\u00e2ncer de pr\u00f3stata \u00e9 essencial para o bem-estar dos homens, especialmente aqueles acima de 50 anos ou com hist\u00f3rico familiar da doen\u00e7a. Para reduzir riscos, as principais recomenda\u00e7\u00f5es m\u00e9dicas incluem exames peri\u00f3dicos e o cultivo de h\u00e1bitos saud\u00e1veis.<\/p><p>\u00a0<\/p><h4><strong>Rastreamento e Detec\u00e7\u00e3o Precoce<\/strong><\/h4><p>O diagn\u00f3stico precoce \u00e9 uma das formas mais eficazes de garantir o sucesso do tratamento do c\u00e2ncer de pr\u00f3stata. Exames como o PSA (ant\u00edgeno prost\u00e1tico espec\u00edfico) e o toque retal s\u00e3o importantes para monitorar a sa\u00fade da pr\u00f3stata e detectar qualquer altera\u00e7\u00e3o em est\u00e1gio inicial. A Sociedade Brasileira de Urologia e o Instituto Nacional de C\u00e2ncer (INCA) recomendam que homens com mais de 50 anos ou fatores de risco procurem orienta\u00e7\u00e3o m\u00e9dica para acompanhamento regular.<\/p><p>\u00a0<\/p><h4><strong>Estilo de Vida Saud\u00e1vel<\/strong><\/h4><p>A ado\u00e7\u00e3o de h\u00e1bitos saud\u00e1veis \u00e9 tamb\u00e9m uma poderosa forma de preven\u00e7\u00e3o. Alimenta\u00e7\u00e3o balanceada, rica em frutas, legumes e gr\u00e3os integrais, aliada a atividades f\u00edsicas regulares, contribui para a prote\u00e7\u00e3o da sa\u00fade da pr\u00f3stata e para o fortalecimento do sistema imunol\u00f3gico. Evitar o consumo excessivo de \u00e1lcool e o tabagismo s\u00e3o outros fatores essenciais para reduzir os riscos de desenvolver c\u00e2ncer de pr\u00f3stata e outras condi\u00e7\u00f5es de sa\u00fade.<\/p><p>\u00a0<\/p><h4><strong>Informe-se e Previna-se<\/strong><\/h4><p>A conscientiza\u00e7\u00e3o e a preven\u00e7\u00e3o s\u00e3o passos fundamentais para manter a sa\u00fade em dia. Procure orienta\u00e7\u00e3o m\u00e9dica, fa\u00e7a seus exames regularmente e cuide da sua qualidade de vida.<\/p><p>\u00a0<\/p>\t\t\t\t\t\t\t\t<\/div>\n\t\t\t\t<\/div>\n\t\t\t\t\t<\/div>\n\t\t\t\t<\/div>\n\t\t<div class=\"elementor-element elementor-element-d149985 elementor-hidden-desktop elementor-hidden-tablet e-flex e-con-boxed e-con e-parent\" data-id=\"d149985\" data-element_type=\"container\" data-settings=\"{&quot;background_background&quot;:&quot;classic&quot;}\">\n\t\t\t\t\t<div class=\"e-con-inner\">\n\t\t\t\t<div class=\"elementor-element elementor-element-4837b6f elementor-widget elementor-widget-text-editor\" data-id=\"4837b6f\" data-element_type=\"widget\" data-widget_type=\"text-editor.default\">\n\t\t\t\t<div class=\"elementor-widget-container\">\n\t\t\t\t\t\t\t\t\t<p><br><\/p><p>Preven\u00e7\u00e3o do c\u00e2ncer de pr\u00f3stata: cuida da sua sa\u00fade<\/p>\t\t\t\t\t\t\t\t<\/div>\n\t\t\t\t<\/div>\n\t\t\t\t\t<\/div>\n\t\t\t\t<\/div>\n\t\t<div class=\"elementor-element elementor-element-e2b3a1d elementor-hidden-desktop elementor-hidden-tablet e-flex e-con-boxed e-con e-parent\" data-id=\"e2b3a1d\" data-element_type=\"container\" data-settings=\"{&quot;background_background&quot;:&quot;classic&quot;}\">\n\t\t\t\t\t<div class=\"e-con-inner\">\n\t\t\t\t<div class=\"elementor-element elementor-element-fd1738b elementor-widget elementor-widget-text-editor\" data-id=\"fd1738b\" data-element_type=\"widget\" data-widget_type=\"text-editor.default\">\n\t\t\t\t<div class=\"elementor-widget-container\">\n\t\t\t\t\t\t\t\t\t<p>A preven\u00e7\u00e3o do c\u00e2ncer de pr\u00f3stata \u00e9 essencial para o bem-estar dos homens, especialmente aqueles acima de 50 anos ou com hist\u00f3rico familiar da doen\u00e7a. Para reduzir riscos, as principais recomenda\u00e7\u00f5es m\u00e9dicas incluem exames peri\u00f3dicos e o cultivo de h\u00e1bitos saud\u00e1veis.<\/p><p>\u00a0<\/p><h4><strong>Rastreamento e Detec\u00e7\u00e3o Precoce<\/strong><\/h4><p>O diagn\u00f3stico precoce \u00e9 uma das formas mais eficazes de garantir o sucesso do tratamento do c\u00e2ncer de pr\u00f3stata. Exames como o PSA (ant\u00edgeno prost\u00e1tico espec\u00edfico) e o toque retal s\u00e3o importantes para monitorar a sa\u00fade da pr\u00f3stata e detectar qualquer altera\u00e7\u00e3o em est\u00e1gio inicial. A Sociedade Brasileira de Urologia e o Instituto Nacional de C\u00e2ncer (INCA) recomendam que homens com mais de 50 anos ou fatores de risco procurem orienta\u00e7\u00e3o m\u00e9dica para acompanhamento regular.<\/p><p>\u00a0<\/p><h4><strong>Estilo de Vida Saud\u00e1vel<\/strong><\/h4><p>A ado\u00e7\u00e3o de h\u00e1bitos saud\u00e1veis \u00e9 tamb\u00e9m uma poderosa forma de preven\u00e7\u00e3o. Alimenta\u00e7\u00e3o balanceada, rica em frutas, legumes e gr\u00e3os integrais, aliada a atividades f\u00edsicas regulares, contribui para a prote\u00e7\u00e3o da sa\u00fade da pr\u00f3stata e para o fortalecimento do sistema imunol\u00f3gico. Evitar o consumo excessivo de \u00e1lcool e o tabagismo s\u00e3o outros fatores essenciais para reduzir os riscos de desenvolver c\u00e2ncer de pr\u00f3stata e outras condi\u00e7\u00f5es de sa\u00fade.<\/p><p>\u00a0<\/p><h4><strong>Informe-se e Previna-se<\/strong><\/h4><p>A conscientiza\u00e7\u00e3o e a preven\u00e7\u00e3o s\u00e3o passos fundamentais para manter a sa\u00fade em dia. Procure orienta\u00e7\u00e3o m\u00e9dica, fa\u00e7a seus exames regularmente e cuide da sua qualidade de vida.<\/p><p>\u00a0<\/p>\t\t\t\t\t\t\t\t<\/div>\n\t\t\t\t<\/div>\n\t\t\t\t\t<\/div>\n\t\t\t\t<\/div>\n\t\t<div class=\"elementor-element elementor-element-4c0b1f2d e-flex e-con-boxed e-con e-parent\" data-id=\"4c0b1f2d\" data-element_type=\"container\" data-settings=\"{&quot;background_background&quot;:&quot;classic&quot;}\">\n\t\t\t\t\t<div class=\"e-con-inner\">\n\t\t<div class=\"elementor-element elementor-element-698e215e e-con-full e-flex e-con e-child\" data-id=\"698e215e\" data-element_type=\"container\">\n\t\t\t\t<div class=\"elementor-element elementor-element-52dec4fa elementor-widget elementor-widget-text-editor\" data-id=\"52dec4fa\" data-element_type=\"widget\" data-widget_type=\"text-editor.default\">\n\t\t\t\t<div class=\"elementor-widget-container\">\n\t\t\t\t\t\t\t\t\t<p>Santa Casa de Porto Alegre<br \/>\u00a9 2023 Todos os direitos reservados.<\/p>\t\t\t\t\t\t\t\t<\/div>\n\t\t\t\t<\/div>\n\t\t\t\t<\/div>\n\t\t<div class=\"elementor-element elementor-element-441bf82a e-con-full e-flex e-con e-child\" data-id=\"441bf82a\" data-element_type=\"container\">\n\t\t\t\t<div class=\"elementor-element elementor-element-3fcd39f5 elementor-widget elementor-widget-text-editor\" data-id=\"3fcd39f5\" data-element_type=\"widget\" data-widget_type=\"text-editor.default\">\n\t\t\t\t<div class=\"elementor-widget-container\">\n\t\t\t\t\t\t\t\t\t<p><strong>Central de Agendamento<br \/><\/strong>(51) 3214-8000<br \/>Rua Professor Annes Dias, 295<br \/>Centro Hist\u00f3rico, Porto Alegre &#8211; RS<br \/>CEP 90020-090<\/p>\t\t\t\t\t\t\t\t<\/div>\n\t\t\t\t<\/div>\n\t\t\t\t<\/div>\n\t\t<div class=\"elementor-element elementor-element-209b3550 e-con-full e-flex e-con e-child\" data-id=\"209b3550\" data-element_type=\"container\">\n\t\t\t\t<div class=\"elementor-element elementor-element-77127cab elementor-widget elementor-widget-image\" data-id=\"77127cab\" data-element_type=\"widget\" data-widget_type=\"image.default\">\n\t\t\t\t<div class=\"elementor-widget-container\">\n\t\t\t\t\t\t\t\t\t\t\t\t\t\t\t<img decoding=\"async\" width=\"800\" height=\"800\" src=\"https:\/\/santacasa.org.br\/prevencao\/wp-content\/uploads\/2024\/09\/Design-sem-nome-2024-09-30T161707.219.png\" class=\"attachment-large size-large wp-image-1230\" alt=\"\" srcset=\"https:\/\/santacasa.org.br\/prevencao\/wp-content\/uploads\/2024\/09\/Design-sem-nome-2024-09-30T161707.219.png 1000w, https:\/\/santacasa.org.br\/prevencao\/wp-content\/uploads\/2024\/09\/Design-sem-nome-2024-09-30T161707.219-300x300.png 300w, https:\/\/santacasa.org.br\/prevencao\/wp-content\/uploads\/2024\/09\/Design-sem-nome-2024-09-30T161707.219-150x150.png 150w, https:\/\/santacasa.org.br\/prevencao\/wp-content\/uploads\/2024\/09\/Design-sem-nome-2024-09-30T161707.219-768x768.png 768w\" sizes=\"(max-width: 800px) 100vw, 800px\" \/>\t\t\t\t\t\t\t\t\t\t\t\t\t\t\t<\/div>\n\t\t\t\t<\/div>\n\t\t\t\t<\/div>\n\t\t\t\t\t<\/div>\n\t\t\t\t<\/div>\n\t\t\t\t<\/div>\n\t\t","protected":false},"excerpt":{"rendered":"<p>Preven\u00e7\u00e3o do c\u00e2ncer de pr\u00f3stata: cuida da sua sa\u00fade A preven\u00e7\u00e3o do c\u00e2ncer de pr\u00f3stata \u00e9 essencial para o bem-estar dos homens, especialmente aqueles acima de 50 anos ou com hist\u00f3rico familiar da doen\u00e7a. Para reduzir riscos, as principais recomenda\u00e7\u00f5es m\u00e9dicas incluem exames peri\u00f3dicos e o cultivo de h\u00e1bitos saud\u00e1veis. \u00a0 Rastreamento e Detec\u00e7\u00e3o Precoce [&hellip;]<\/p>\n","protected":false},"author":1,"featured_media":0,"parent":0,"menu_order":0,"comment_status":"closed","ping_status":"closed","template":"","meta":{"footnotes":""},"class_list":["post-1542","page","type-page","status-publish","hentry"],"_links":{"self":[{"href":"https:\/\/santacasa.org.br\/prevencao\/wp-json\/wp\/v2\/pages\/1542","targetHints":{"allow":["GET"]}}],"collection":[{"href":"https:\/\/santacasa.org.br\/prevencao\/wp-json\/wp\/v2\/pages"}],"about":[{"href":"https:\/\/santacasa.org.br\/prevencao\/wp-json\/wp\/v2\/types\/page"}],"author":[{"embeddable":true,"href":"https:\/\/santacasa.org.br\/prevencao\/wp-json\/wp\/v2\/users\/1"}],"replies":[{"embeddable":true,"href":"https:\/\/santacasa.org.br\/prevencao\/wp-json\/wp\/v2\/comments?post=1542"}],"version-history":[{"count":10,"href":"https:\/\/santacasa.org.br\/prevencao\/wp-json\/wp\/v2\/pages\/1542\/revisions"}],"predecessor-version":[{"id":1721,"href":"https:\/\/santacasa.org.br\/prevencao\/wp-json\/wp\/v2\/pages\/1542\/revisions\/1721"}],"wp:attachment":[{"href":"https:\/\/santacasa.org.br\/prevencao\/wp-json\/wp\/v2\/media?parent=1542"}],"curies":[{"name":"wp","href":"https:\/\/api.w.org\/{rel}","templated":true}]}}