{"id":1554,"date":"2024-10-31T10:16:17","date_gmt":"2024-10-31T13:16:17","guid":{"rendered":"https:\/\/santacasa.org.br\/prevencao\/?page_id=1554"},"modified":"2024-11-01T11:47:42","modified_gmt":"2024-11-01T14:47:42","slug":"diagnostico-novembro-azul","status":"publish","type":"page","link":"https:\/\/santacasa.org.br\/prevencao\/diagnostico-novembro-azul\/","title":{"rendered":"Diagn\u00f3stico &#8211; Novembro Azul"},"content":{"rendered":"\t\t<div data-elementor-type=\"wp-page\" data-elementor-id=\"1554\" class=\"elementor elementor-1554\">\n\t\t\t\t<div class=\"elementor-element elementor-element-aee74cc e-con-full elementor-hidden-desktop elementor-hidden-tablet e-flex e-con e-parent\" data-id=\"aee74cc\" data-element_type=\"container\">\n\t\t\t\t<div class=\"elementor-element elementor-element-5c9d013 elementor-widget elementor-widget-image\" data-id=\"5c9d013\" data-element_type=\"widget\" data-widget_type=\"image.default\">\n\t\t\t\t<div class=\"elementor-widget-container\">\n\t\t\t\t\t\t\t\t\t\t\t\t\t\t\t<img fetchpriority=\"high\" decoding=\"async\" width=\"800\" height=\"480\" src=\"https:\/\/santacasa.org.br\/prevencao\/wp-content\/uploads\/2024\/11\/Banner-LP-mobile@72x-100-1024x614.jpg\" class=\"attachment-large size-large wp-image-1634\" alt=\"\" srcset=\"https:\/\/santacasa.org.br\/prevencao\/wp-content\/uploads\/2024\/11\/Banner-LP-mobile@72x-100-1024x614.jpg 1024w, https:\/\/santacasa.org.br\/prevencao\/wp-content\/uploads\/2024\/11\/Banner-LP-mobile@72x-100-300x180.jpg 300w, https:\/\/santacasa.org.br\/prevencao\/wp-content\/uploads\/2024\/11\/Banner-LP-mobile@72x-100-768x461.jpg 768w, https:\/\/santacasa.org.br\/prevencao\/wp-content\/uploads\/2024\/11\/Banner-LP-mobile@72x-100-1536x922.jpg 1536w, https:\/\/santacasa.org.br\/prevencao\/wp-content\/uploads\/2024\/11\/Banner-LP-mobile@72x-100-2048x1229.jpg 2048w\" sizes=\"(max-width: 800px) 100vw, 800px\" \/>\t\t\t\t\t\t\t\t\t\t\t\t\t\t\t<\/div>\n\t\t\t\t<\/div>\n\t\t\t\t<\/div>\n\t\t<div class=\"elementor-element elementor-element-7839d02 e-con-full elementor-hidden-mobile e-flex e-con e-parent\" data-id=\"7839d02\" data-element_type=\"container\">\n\t\t\t\t<div class=\"elementor-element elementor-element-7173b96 elementor-widget elementor-widget-image\" data-id=\"7173b96\" data-element_type=\"widget\" data-widget_type=\"image.default\">\n\t\t\t\t<div class=\"elementor-widget-container\">\n\t\t\t\t\t\t\t\t\t\t\t\t\t\t\t<img decoding=\"async\" width=\"2201\" height=\"551\" src=\"https:\/\/santacasa.org.br\/prevencao\/wp-content\/uploads\/2024\/10\/banner-LP@72x-100.jpg\" class=\"attachment-full size-full wp-image-1600\" alt=\"\" srcset=\"https:\/\/santacasa.org.br\/prevencao\/wp-content\/uploads\/2024\/10\/banner-LP@72x-100.jpg 2201w, https:\/\/santacasa.org.br\/prevencao\/wp-content\/uploads\/2024\/10\/banner-LP@72x-100-300x75.jpg 300w, https:\/\/santacasa.org.br\/prevencao\/wp-content\/uploads\/2024\/10\/banner-LP@72x-100-1024x256.jpg 1024w, https:\/\/santacasa.org.br\/prevencao\/wp-content\/uploads\/2024\/10\/banner-LP@72x-100-768x192.jpg 768w, https:\/\/santacasa.org.br\/prevencao\/wp-content\/uploads\/2024\/10\/banner-LP@72x-100-1536x385.jpg 1536w, https:\/\/santacasa.org.br\/prevencao\/wp-content\/uploads\/2024\/10\/banner-LP@72x-100-2048x513.jpg 2048w\" sizes=\"(max-width: 2201px) 100vw, 2201px\" \/>\t\t\t\t\t\t\t\t\t\t\t\t\t\t\t<\/div>\n\t\t\t\t<\/div>\n\t\t\t\t<\/div>\n\t\t<div class=\"elementor-element elementor-element-52f1eea elementor-hidden-mobile e-flex e-con-boxed e-con e-parent\" data-id=\"52f1eea\" data-element_type=\"container\" data-settings=\"{&quot;background_background&quot;:&quot;classic&quot;}\">\n\t\t\t\t\t<div class=\"e-con-inner\">\n\t\t\t\t<div class=\"elementor-element elementor-element-dab1c1a elementor-widget elementor-widget-text-editor\" data-id=\"dab1c1a\" data-element_type=\"widget\" data-widget_type=\"text-editor.default\">\n\t\t\t\t<div class=\"elementor-widget-container\">\n\t\t\t\t\t\t\t\t\t<p><b><br><\/b><\/p><p><b>Diagn\u00f3stico<\/b><\/p>\t\t\t\t\t\t\t\t<\/div>\n\t\t\t\t<\/div>\n\t\t\t\t\t<\/div>\n\t\t\t\t<\/div>\n\t\t<div class=\"elementor-element elementor-element-eed9dc2 elementor-hidden-mobile e-flex e-con-boxed e-con e-parent\" data-id=\"eed9dc2\" data-element_type=\"container\" data-settings=\"{&quot;background_background&quot;:&quot;classic&quot;}\">\n\t\t\t\t\t<div class=\"e-con-inner\">\n\t\t\t\t<div class=\"elementor-element elementor-element-9761eec elementor-widget elementor-widget-text-editor\" data-id=\"9761eec\" data-element_type=\"widget\" data-widget_type=\"text-editor.default\">\n\t\t\t\t<div class=\"elementor-widget-container\">\n\t\t\t\t\t\t\t\t\t<ul><li>Hist\u00f3rico m\u00e9dico e exame f\u00edsico: O m\u00e9dico faz uma avalia\u00e7\u00e3o dos sintomas e do hist\u00f3rico familiar, al\u00e9m de realizar um exame f\u00edsico que inclui o toque retal para verificar a pr\u00f3stata.<br \/><br \/><\/li><li>Exame de sangue (PSA): O teste de ant\u00edgeno prost\u00e1tico espec\u00edfico (PSA) mede os n\u00edveis de PSA no sangue. N\u00edveis elevados podem indicar problemas na pr\u00f3stata, mas n\u00e3o necessariamente c\u00e2ncer.<br \/><br \/><\/li><li>Ultrassonografia transretal: Este exame utiliza ondas sonoras para criar uma imagem da pr\u00f3stata. Pode ser usado para guiar bi\u00f3psias.<br \/><br \/><\/li><li>Bi\u00f3psia da pr\u00f3stata: Se houver suspeita de c\u00e2ncer, uma bi\u00f3psia pode ser realizada para coletar amostras de tecido da pr\u00f3stata. Essas amostras s\u00e3o analisadas em laborat\u00f3rio para verificar a presen\u00e7a de c\u00e9lulas cancer\u00edgenas.<br \/><br \/><\/li><li>Exames de imagem: Se o c\u00e2ncer for diagnosticado, exames adicionais, como tomografia computadorizada (TC) ou resson\u00e2ncia magn\u00e9tica (RM), podem ser realizados para determinar a extens\u00e3o da doen\u00e7a.<\/li><\/ul><p>\u00a0<\/p>\t\t\t\t\t\t\t\t<\/div>\n\t\t\t\t<\/div>\n\t\t\t\t\t<\/div>\n\t\t\t\t<\/div>\n\t\t<div class=\"elementor-element elementor-element-b8cc3c9 elementor-hidden-desktop elementor-hidden-tablet e-flex e-con-boxed e-con e-parent\" data-id=\"b8cc3c9\" data-element_type=\"container\" data-settings=\"{&quot;background_background&quot;:&quot;classic&quot;}\">\n\t\t\t\t\t<div class=\"e-con-inner\">\n\t\t\t\t<div class=\"elementor-element elementor-element-769513f elementor-widget elementor-widget-text-editor\" data-id=\"769513f\" data-element_type=\"widget\" data-widget_type=\"text-editor.default\">\n\t\t\t\t<div class=\"elementor-widget-container\">\n\t\t\t\t\t\t\t\t\t<p><b><br><\/b><\/p><p><b>Diagn\u00f3stico<\/b><\/p>\t\t\t\t\t\t\t\t<\/div>\n\t\t\t\t<\/div>\n\t\t\t\t\t<\/div>\n\t\t\t\t<\/div>\n\t\t<div class=\"elementor-element elementor-element-70a5adf elementor-hidden-desktop elementor-hidden-tablet e-flex e-con-boxed e-con e-parent\" data-id=\"70a5adf\" data-element_type=\"container\" data-settings=\"{&quot;background_background&quot;:&quot;classic&quot;}\">\n\t\t\t\t\t<div class=\"e-con-inner\">\n\t\t\t\t<div class=\"elementor-element elementor-element-0229cd1 elementor-widget elementor-widget-text-editor\" data-id=\"0229cd1\" data-element_type=\"widget\" data-widget_type=\"text-editor.default\">\n\t\t\t\t<div class=\"elementor-widget-container\">\n\t\t\t\t\t\t\t\t\t<ul><li>Hist\u00f3rico m\u00e9dico e exame f\u00edsico: O m\u00e9dico faz uma avalia\u00e7\u00e3o dos sintomas e do hist\u00f3rico familiar, al\u00e9m de realizar um exame f\u00edsico que inclui o toque retal para verificar a pr\u00f3stata.<br \/><br \/><\/li><li>Exame de sangue (PSA): O teste de ant\u00edgeno prost\u00e1tico espec\u00edfico (PSA) mede os n\u00edveis de PSA no sangue. N\u00edveis elevados podem indicar problemas na pr\u00f3stata, mas n\u00e3o necessariamente c\u00e2ncer.<br \/><br \/><\/li><li>Ultrassonografia transretal: Este exame utiliza ondas sonoras para criar uma imagem da pr\u00f3stata. Pode ser usado para guiar bi\u00f3psias.<br \/><br \/><\/li><li>Bi\u00f3psia da pr\u00f3stata: Se houver suspeita de c\u00e2ncer, uma bi\u00f3psia pode ser realizada para coletar amostras de tecido da pr\u00f3stata. Essas amostras s\u00e3o analisadas em laborat\u00f3rio para verificar a presen\u00e7a de c\u00e9lulas cancer\u00edgenas.<br \/><br \/><\/li><li>Exames de imagem: Se o c\u00e2ncer for diagnosticado, exames adicionais, como tomografia computadorizada (TC) ou resson\u00e2ncia magn\u00e9tica (RM), podem ser realizados para determinar a extens\u00e3o da doen\u00e7a.<\/li><\/ul><p>\u00a0<\/p>\t\t\t\t\t\t\t\t<\/div>\n\t\t\t\t<\/div>\n\t\t\t\t\t<\/div>\n\t\t\t\t<\/div>\n\t\t<div class=\"elementor-element elementor-element-29b9a16c e-flex e-con-boxed e-con e-parent\" data-id=\"29b9a16c\" data-element_type=\"container\" data-settings=\"{&quot;background_background&quot;:&quot;classic&quot;}\">\n\t\t\t\t\t<div class=\"e-con-inner\">\n\t\t<div class=\"elementor-element elementor-element-4869ccd4 e-con-full e-flex e-con e-child\" data-id=\"4869ccd4\" data-element_type=\"container\">\n\t\t\t\t<div class=\"elementor-element elementor-element-d75c6d elementor-widget elementor-widget-text-editor\" data-id=\"d75c6d\" data-element_type=\"widget\" data-widget_type=\"text-editor.default\">\n\t\t\t\t<div class=\"elementor-widget-container\">\n\t\t\t\t\t\t\t\t\t<p>Santa Casa de Porto Alegre<br \/>\u00a9 2023 Todos os direitos reservados.<\/p>\t\t\t\t\t\t\t\t<\/div>\n\t\t\t\t<\/div>\n\t\t\t\t<\/div>\n\t\t<div class=\"elementor-element elementor-element-447ecc97 e-con-full e-flex e-con e-child\" data-id=\"447ecc97\" data-element_type=\"container\">\n\t\t\t\t<div class=\"elementor-element elementor-element-3bb8ed61 elementor-widget elementor-widget-text-editor\" data-id=\"3bb8ed61\" data-element_type=\"widget\" data-widget_type=\"text-editor.default\">\n\t\t\t\t<div class=\"elementor-widget-container\">\n\t\t\t\t\t\t\t\t\t<p><strong>Central de Agendamento<br \/><\/strong>(51) 3214-8000<br \/>Rua Professor Annes Dias, 295<br \/>Centro Hist\u00f3rico, Porto Alegre &#8211; RS<br \/>CEP 90020-090<\/p>\t\t\t\t\t\t\t\t<\/div>\n\t\t\t\t<\/div>\n\t\t\t\t<\/div>\n\t\t<div class=\"elementor-element elementor-element-630a6222 e-con-full e-flex e-con e-child\" data-id=\"630a6222\" data-element_type=\"container\">\n\t\t\t\t<div class=\"elementor-element elementor-element-7acf75f3 elementor-widget elementor-widget-image\" data-id=\"7acf75f3\" data-element_type=\"widget\" data-widget_type=\"image.default\">\n\t\t\t\t<div class=\"elementor-widget-container\">\n\t\t\t\t\t\t\t\t\t\t\t\t\t\t\t<img decoding=\"async\" width=\"800\" height=\"800\" src=\"https:\/\/santacasa.org.br\/prevencao\/wp-content\/uploads\/2024\/09\/Design-sem-nome-2024-09-30T161707.219.png\" class=\"attachment-large size-large wp-image-1230\" alt=\"\" srcset=\"https:\/\/santacasa.org.br\/prevencao\/wp-content\/uploads\/2024\/09\/Design-sem-nome-2024-09-30T161707.219.png 1000w, https:\/\/santacasa.org.br\/prevencao\/wp-content\/uploads\/2024\/09\/Design-sem-nome-2024-09-30T161707.219-300x300.png 300w, https:\/\/santacasa.org.br\/prevencao\/wp-content\/uploads\/2024\/09\/Design-sem-nome-2024-09-30T161707.219-150x150.png 150w, https:\/\/santacasa.org.br\/prevencao\/wp-content\/uploads\/2024\/09\/Design-sem-nome-2024-09-30T161707.219-768x768.png 768w\" sizes=\"(max-width: 800px) 100vw, 800px\" \/>\t\t\t\t\t\t\t\t\t\t\t\t\t\t\t<\/div>\n\t\t\t\t<\/div>\n\t\t\t\t<\/div>\n\t\t\t\t\t<\/div>\n\t\t\t\t<\/div>\n\t\t\t\t<\/div>\n\t\t","protected":false},"excerpt":{"rendered":"<p>Diagn\u00f3stico Hist\u00f3rico m\u00e9dico e exame f\u00edsico: O m\u00e9dico faz uma avalia\u00e7\u00e3o dos sintomas e do hist\u00f3rico familiar, al\u00e9m de realizar um exame f\u00edsico que inclui o toque retal para verificar a pr\u00f3stata. Exame de sangue (PSA): O teste de ant\u00edgeno prost\u00e1tico espec\u00edfico (PSA) mede os n\u00edveis de PSA no sangue. N\u00edveis elevados podem indicar problemas [&hellip;]<\/p>\n","protected":false},"author":1,"featured_media":0,"parent":0,"menu_order":0,"comment_status":"closed","ping_status":"closed","template":"","meta":{"footnotes":""},"class_list":["post-1554","page","type-page","status-publish","hentry"],"_links":{"self":[{"href":"https:\/\/santacasa.org.br\/prevencao\/wp-json\/wp\/v2\/pages\/1554","targetHints":{"allow":["GET"]}}],"collection":[{"href":"https:\/\/santacasa.org.br\/prevencao\/wp-json\/wp\/v2\/pages"}],"about":[{"href":"https:\/\/santacasa.org.br\/prevencao\/wp-json\/wp\/v2\/types\/page"}],"author":[{"embeddable":true,"href":"https:\/\/santacasa.org.br\/prevencao\/wp-json\/wp\/v2\/users\/1"}],"replies":[{"embeddable":true,"href":"https:\/\/santacasa.org.br\/prevencao\/wp-json\/wp\/v2\/comments?post=1554"}],"version-history":[{"count":19,"href":"https:\/\/santacasa.org.br\/prevencao\/wp-json\/wp\/v2\/pages\/1554\/revisions"}],"predecessor-version":[{"id":1715,"href":"https:\/\/santacasa.org.br\/prevencao\/wp-json\/wp\/v2\/pages\/1554\/revisions\/1715"}],"wp:attachment":[{"href":"https:\/\/santacasa.org.br\/prevencao\/wp-json\/wp\/v2\/media?parent=1554"}],"curies":[{"name":"wp","href":"https:\/\/api.w.org\/{rel}","templated":true}]}}