{"id":589,"date":"2024-01-05T15:16:47","date_gmt":"2024-01-05T18:16:47","guid":{"rendered":"https:\/\/santacasa.org.br\/landing\/?page_id=589"},"modified":"2025-05-07T16:29:25","modified_gmt":"2025-05-07T19:29:25","slug":"aplicativo-santa-casa-poa","status":"publish","type":"page","link":"https:\/\/santacasa.org.br\/prevencao\/aplicativo-santa-casa-poa\/","title":{"rendered":"Aplicativo Santa Casa PoA"},"content":{"rendered":"\t\t<div data-elementor-type=\"wp-page\" data-elementor-id=\"589\" class=\"elementor elementor-589\">\n\t\t\t\t<div class=\"elementor-element elementor-element-3fd291e elementor-hidden-tablet elementor-hidden-mobile e-flex e-con-boxed e-con e-parent\" data-id=\"3fd291e\" data-element_type=\"container\">\n\t\t\t\t\t<div class=\"e-con-inner\">\n\t\t\t\t<div class=\"elementor-element elementor-element-c963357 elementor-widget elementor-widget-heading\" data-id=\"c963357\" data-element_type=\"widget\" data-widget_type=\"heading.default\">\n\t\t\t\t<div class=\"elementor-widget-container\">\n\t\t\t\t\t<h2 class=\"elementor-heading-title elementor-size-default\"><br><br>Aplicativo Santa Casa POA<\/h2>\t\t\t\t<\/div>\n\t\t\t\t<\/div>\n\t\t\t\t<div class=\"elementor-element elementor-element-a73e5b9 elementor-widget elementor-widget-text-editor\" data-id=\"a73e5b9\" data-element_type=\"widget\" data-widget_type=\"text-editor.default\">\n\t\t\t\t<div class=\"elementor-widget-container\">\n\t\t\t\t\t\t\t\t\t<p>Explore ao m\u00e1ximo a praticidade com o aplicativo da Santa Casa de Porto Alegre. Agende exames e consultas por conv\u00eanios de forma r\u00e1pida e simples. Simplifique sua vida e cuide da sua sa\u00fade com apenas alguns toques na tela do seu celular. Baixe agora e experimente toda essa facilidade!<\/p>\t\t\t\t\t\t\t\t<\/div>\n\t\t\t\t<\/div>\n\t\t\t\t\t<\/div>\n\t\t\t\t<\/div>\n\t\t<div class=\"elementor-element elementor-element-adb0608 e-flex e-con-boxed e-con e-parent\" data-id=\"adb0608\" data-element_type=\"container\">\n\t\t\t\t\t<div class=\"e-con-inner\">\n\t\t\t\t<div class=\"elementor-element elementor-element-e936d93 elementor-widget elementor-widget-heading\" data-id=\"e936d93\" data-element_type=\"widget\" data-widget_type=\"heading.default\">\n\t\t\t\t<div class=\"elementor-widget-container\">\n\t\t\t\t\t<h2 class=\"elementor-heading-title elementor-size-default\">Principais Recursos<\/h2>\t\t\t\t<\/div>\n\t\t\t\t<\/div>\n\t\t\t\t<div class=\"elementor-element elementor-element-8f12b0d elementor-widget elementor-widget-text-editor\" data-id=\"8f12b0d\" data-element_type=\"widget\" data-widget_type=\"text-editor.default\">\n\t\t\t\t<div class=\"elementor-widget-container\">\n\t\t\t\t\t\t\t\t\t<ul><li>Agendamento de consultas: selecione a especialidade, o m\u00e9dico e seu conv\u00eanio.<\/li><li>Agendar exames:\u00a0escolha o tipo de exame e seu conv\u00eanio.<\/li><li><span style=\"background-color: transparent; color: var( --e-global-color-text ); text-align: var(--text-align);\">Personal Health: cadastre uma ficha cl\u00ednica completa, incluindo detalhes sobre suas atividades f\u00edsicas, hist\u00f3rico familiar, alergias e muito mais. Tudo isso para facilitar e melhorar seu cuidado com a sa\u00fade.<\/span><\/li><\/ul>\t\t\t\t\t\t\t\t<\/div>\n\t\t\t\t<\/div>\n\t\t\t\t\t<\/div>\n\t\t\t\t<\/div>\n\t\t<div class=\"elementor-element elementor-element-99c835f e-flex e-con-boxed e-con e-parent\" data-id=\"99c835f\" data-element_type=\"container\">\n\t\t\t\t\t<div class=\"e-con-inner\">\n\t\t\t\t<div class=\"elementor-element elementor-element-7c6fab0 elementor-widget elementor-widget-heading\" data-id=\"7c6fab0\" data-element_type=\"widget\" data-widget_type=\"heading.default\">\n\t\t\t\t<div class=\"elementor-widget-container\">\n\t\t\t\t\t<h2 class=\"elementor-heading-title elementor-size-default\">Baixe Agora<\/h2>\t\t\t\t<\/div>\n\t\t\t\t<\/div>\n\t\t\t\t\t<\/div>\n\t\t\t\t<\/div>\n\t\t<div class=\"elementor-element elementor-element-80bff4f e-flex e-con-boxed e-con e-parent\" data-id=\"80bff4f\" data-element_type=\"container\">\n\t\t\t\t\t<div class=\"e-con-inner\">\n\t\t<div class=\"elementor-element elementor-element-93028cd e-con-full e-flex e-con e-child\" data-id=\"93028cd\" data-element_type=\"container\">\n\t\t\t\t<div class=\"elementor-element elementor-element-6965ec7 elementor-widget elementor-widget-image\" data-id=\"6965ec7\" data-element_type=\"widget\" data-widget_type=\"image.default\">\n\t\t\t\t<div class=\"elementor-widget-container\">\n\t\t\t\t\t\t\t\t\t\t\t\t\t\t\t\t<a href=\"https:\/\/play.google.com\/store\/apps\/details?id=br.com.mv.personalhealth.stacasapoa\">\n\t\t\t\t\t\t\t<img decoding=\"async\" width=\"300\" height=\"150\" src=\"https:\/\/santacasa.org.br\/prevencao\/wp-content\/uploads\/2024\/01\/gooogle-play.png\" class=\"attachment-medium size-medium wp-image-595\" alt=\"\" \/>\t\t\t\t\t\t\t\t<\/a>\n\t\t\t\t\t\t\t\t\t\t\t\t\t\t\t<\/div>\n\t\t\t\t<\/div>\n\t\t\t\t<\/div>\n\t\t<div class=\"elementor-element elementor-element-85ca8f2 e-con-full e-flex e-con e-child\" data-id=\"85ca8f2\" data-element_type=\"container\">\n\t\t\t\t<div class=\"elementor-element elementor-element-2923722 elementor-widget elementor-widget-image\" data-id=\"2923722\" data-element_type=\"widget\" data-widget_type=\"image.default\">\n\t\t\t\t<div class=\"elementor-widget-container\">\n\t\t\t\t\t\t\t\t\t\t\t\t\t\t\t\t<a href=\"https:\/\/apps.apple.com\/br\/app\/santa-casa-poa\/id6466489396\">\n\t\t\t\t\t\t\t<img decoding=\"async\" width=\"300\" height=\"150\" src=\"https:\/\/santacasa.org.br\/prevencao\/wp-content\/uploads\/2024\/01\/app-store.png\" class=\"attachment-medium size-medium wp-image-596\" alt=\"\" \/>\t\t\t\t\t\t\t\t<\/a>\n\t\t\t\t\t\t\t\t\t\t\t\t\t\t\t<\/div>\n\t\t\t\t<\/div>\n\t\t\t\t<\/div>\n\t\t\t\t\t<\/div>\n\t\t\t\t<\/div>\n\t\t<div class=\"elementor-element elementor-element-0c947b0 e-flex e-con-boxed e-con e-parent\" data-id=\"0c947b0\" data-element_type=\"container\">\n\t\t\t\t\t<div class=\"e-con-inner\">\n\t\t\t\t<div class=\"elementor-element elementor-element-eddd9df elementor-widget elementor-widget-heading\" data-id=\"eddd9df\" data-element_type=\"widget\" data-widget_type=\"heading.default\">\n\t\t\t\t<div class=\"elementor-widget-container\">\n\t\t\t\t\t<h2 class=\"elementor-heading-title elementor-size-default\">Suporte<\/h2>\t\t\t\t<\/div>\n\t\t\t\t<\/div>\n\t\t\t\t\t<\/div>\n\t\t\t\t<\/div>\n\t\t<div class=\"elementor-element elementor-element-c66d16d e-flex e-con-boxed e-con e-parent\" data-id=\"c66d16d\" data-element_type=\"container\">\n\t\t\t\t\t<div class=\"e-con-inner\">\n\t\t\t\t<div class=\"elementor-element elementor-element-8ff4958 elementor-widget elementor-widget-text-editor\" data-id=\"8ff4958\" data-element_type=\"widget\" data-widget_type=\"text-editor.default\">\n\t\t\t\t<div class=\"elementor-widget-container\">\n\t\t\t\t\t\t\t\t\t<p>Em caso de d\u00favidas ou necessidade de suporte, estamos aqui para ajudar. Entre em contato conosco pelo telefone 51.3214.8000.<\/p>\t\t\t\t\t\t\t\t<\/div>\n\t\t\t\t<\/div>\n\t\t\t\t\t<\/div>\n\t\t\t\t<\/div>\n\t\t<div class=\"elementor-element elementor-element-ddd5e47 elementor-hidden-desktop e-flex e-con-boxed e-con e-parent\" data-id=\"ddd5e47\" data-element_type=\"container\">\n\t\t\t\t\t<div class=\"e-con-inner\">\n\t\t\t\t<div class=\"elementor-element elementor-element-dca6b5a elementor-widget elementor-widget-image\" data-id=\"dca6b5a\" data-element_type=\"widget\" data-widget_type=\"image.default\">\n\t\t\t\t<div class=\"elementor-widget-container\">\n\t\t\t\t\t\t\t\t\t\t\t\t\t\t\t<img fetchpriority=\"high\" decoding=\"async\" width=\"800\" height=\"800\" src=\"https:\/\/santacasa.org.br\/prevencao\/wp-content\/uploads\/2024\/03\/card-linkedin-1024x1024.png\" class=\"attachment-large size-large wp-image-636\" alt=\"\" srcset=\"https:\/\/santacasa.org.br\/prevencao\/wp-content\/uploads\/2024\/03\/card-linkedin-1024x1024.png 1024w, https:\/\/santacasa.org.br\/prevencao\/wp-content\/uploads\/2024\/03\/card-linkedin-300x300.png 300w, https:\/\/santacasa.org.br\/prevencao\/wp-content\/uploads\/2024\/03\/card-linkedin-150x150.png 150w, https:\/\/santacasa.org.br\/prevencao\/wp-content\/uploads\/2024\/03\/card-linkedin-768x768.png 768w, https:\/\/santacasa.org.br\/prevencao\/wp-content\/uploads\/2024\/03\/card-linkedin-1536x1536.png 1536w, https:\/\/santacasa.org.br\/prevencao\/wp-content\/uploads\/2024\/03\/card-linkedin.png 1668w\" sizes=\"(max-width: 800px) 100vw, 800px\" \/>\t\t\t\t\t\t\t\t\t\t\t\t\t\t\t<\/div>\n\t\t\t\t<\/div>\n\t\t\t\t\t<\/div>\n\t\t\t\t<\/div>\n\t\t<div class=\"elementor-element elementor-element-8b3fa21 elementor-hidden-tablet elementor-hidden-mobile e-con-full e-flex e-con e-parent\" data-id=\"8b3fa21\" data-element_type=\"container\">\n\t\t\t\t<div class=\"elementor-element elementor-element-7d5993e elementor-widget__width-initial elementor-widget elementor-widget-image\" data-id=\"7d5993e\" data-element_type=\"widget\" data-widget_type=\"image.default\">\n\t\t\t\t<div class=\"elementor-widget-container\">\n\t\t\t\t\t\t\t\t\t\t\t\t\t\t\t<img loading=\"lazy\" decoding=\"async\" width=\"1121\" height=\"141\" src=\"https:\/\/santacasa.org.br\/prevencao\/wp-content\/uploads\/2024\/04\/banner-em-alta@72x-100.jpg\" class=\"attachment-full size-full wp-image-708\" alt=\"\" srcset=\"https:\/\/santacasa.org.br\/prevencao\/wp-content\/uploads\/2024\/04\/banner-em-alta@72x-100.jpg 1121w, https:\/\/santacasa.org.br\/prevencao\/wp-content\/uploads\/2024\/04\/banner-em-alta@72x-100-300x38.jpg 300w, https:\/\/santacasa.org.br\/prevencao\/wp-content\/uploads\/2024\/04\/banner-em-alta@72x-100-1024x129.jpg 1024w, https:\/\/santacasa.org.br\/prevencao\/wp-content\/uploads\/2024\/04\/banner-em-alta@72x-100-768x97.jpg 768w\" sizes=\"(max-width: 1121px) 100vw, 1121px\" \/>\t\t\t\t\t\t\t\t\t\t\t\t\t\t\t<\/div>\n\t\t\t\t<\/div>\n\t\t\t\t<\/div>\n\t\t<div class=\"elementor-element elementor-element-e787a58 e-flex e-con-boxed e-con e-parent\" data-id=\"e787a58\" data-element_type=\"container\" data-settings=\"{&quot;background_background&quot;:&quot;classic&quot;}\">\n\t\t\t\t\t<div class=\"e-con-inner\">\n\t\t<div class=\"elementor-element elementor-element-47fc651 e-con-full e-flex e-con e-child\" data-id=\"47fc651\" data-element_type=\"container\">\n\t\t\t\t<div class=\"elementor-element elementor-element-6ea390c elementor-widget elementor-widget-text-editor\" data-id=\"6ea390c\" data-element_type=\"widget\" data-widget_type=\"text-editor.default\">\n\t\t\t\t<div class=\"elementor-widget-container\">\n\t\t\t\t\t\t\t\t\t<p><span style=\"color: #ffffff;\">Santa Casa de Porto Alegre<\/span><br \/><span style=\"color: #ffffff;\">\u00a9 2024 Todos os direitos reservados.<\/span><\/p>\t\t\t\t\t\t\t\t<\/div>\n\t\t\t\t<\/div>\n\t\t\t\t<\/div>\n\t\t<div class=\"elementor-element elementor-element-4d319bd e-con-full e-flex e-con e-child\" data-id=\"4d319bd\" data-element_type=\"container\">\n\t\t\t\t<div class=\"elementor-element elementor-element-e0a2f7a elementor-widget elementor-widget-text-editor\" data-id=\"e0a2f7a\" data-element_type=\"widget\" data-widget_type=\"text-editor.default\">\n\t\t\t\t<div class=\"elementor-widget-container\">\n\t\t\t\t\t\t\t\t\t<p><span style=\"color: #ffffff;\"><strong>Central de Agendamento<\/strong><\/span><br \/><span style=\"color: #ffffff;\">(51) 3214-8000<\/span><br \/><span style=\"color: #ffffff;\">Rua Professor Annes Dias, 295<\/span><br \/><span style=\"color: #ffffff;\">Centro Hist\u00f3rico, Porto Alegre &#8211; RS<\/span><br \/><span style=\"color: #ffffff;\">CEP 90020-090<\/span><\/p>\t\t\t\t\t\t\t\t<\/div>\n\t\t\t\t<\/div>\n\t\t\t\t<\/div>\n\t\t\t\t\t<\/div>\n\t\t\t\t<\/div>\n\t\t\t\t<\/div>\n\t\t","protected":false},"excerpt":{"rendered":"<p>Aplicativo Santa Casa POA Explore ao m\u00e1ximo a praticidade com o aplicativo da Santa Casa de Porto Alegre. Agende exames e consultas por conv\u00eanios de forma r\u00e1pida e simples. Simplifique sua vida e cuide da sua sa\u00fade com apenas alguns toques na tela do seu celular. Baixe agora e experimente toda essa facilidade! Principais Recursos [&hellip;]<\/p>\n","protected":false},"author":1,"featured_media":0,"parent":0,"menu_order":0,"comment_status":"closed","ping_status":"closed","template":"","meta":{"footnotes":""},"class_list":["post-589","page","type-page","status-publish","hentry"],"_links":{"self":[{"href":"https:\/\/santacasa.org.br\/prevencao\/wp-json\/wp\/v2\/pages\/589","targetHints":{"allow":["GET"]}}],"collection":[{"href":"https:\/\/santacasa.org.br\/prevencao\/wp-json\/wp\/v2\/pages"}],"about":[{"href":"https:\/\/santacasa.org.br\/prevencao\/wp-json\/wp\/v2\/types\/page"}],"author":[{"embeddable":true,"href":"https:\/\/santacasa.org.br\/prevencao\/wp-json\/wp\/v2\/users\/1"}],"replies":[{"embeddable":true,"href":"https:\/\/santacasa.org.br\/prevencao\/wp-json\/wp\/v2\/comments?post=589"}],"version-history":[{"count":155,"href":"https:\/\/santacasa.org.br\/prevencao\/wp-json\/wp\/v2\/pages\/589\/revisions"}],"predecessor-version":[{"id":2080,"href":"https:\/\/santacasa.org.br\/prevencao\/wp-json\/wp\/v2\/pages\/589\/revisions\/2080"}],"wp:attachment":[{"href":"https:\/\/santacasa.org.br\/prevencao\/wp-json\/wp\/v2\/media?parent=589"}],"curies":[{"name":"wp","href":"https:\/\/api.w.org\/{rel}","templated":true}]}}